{"id":6739,"date":"2017-07-07T13:36:55","date_gmt":"2017-07-07T11:36:55","guid":{"rendered":"http:\/\/ff-hemhofen-zeckern.de\/?page_id=6739"},"modified":"2026-02-16T10:48:28","modified_gmt":"2026-02-16T09:48:28","slug":"anhaenger","status":"publish","type":"page","link":"https:\/\/ff-hemhofen-zeckern.de\/?page_id=6739","title":{"rendered":"Anh\u00e4nger (MZA)"},"content":{"rendered":"\t\t<div data-elementor-type=\"wp-page\" data-elementor-id=\"6739\" class=\"elementor elementor-6739\">\n\t\t\t\t<div class=\"elementor-element elementor-element-2fc55a0 e-flex e-con-boxed content-parallax-no e-con e-parent\" data-id=\"2fc55a0\" data-element_type=\"container\" data-e-type=\"container\">\n\t\t\t\t\t<div class=\"e-con-inner\">\n\t\t<div class=\"elementor-element elementor-element-21868de e-con-full e-flex content-parallax-no e-con e-child\" data-id=\"21868de\" data-element_type=\"container\" data-e-type=\"container\">\n\t\t\t\t<div class=\"elementor-element elementor-element-f0e345c elementor-widget elementor-widget-text-editor\" data-id=\"f0e345c\" data-element_type=\"widget\" data-e-type=\"widget\" data-widget_type=\"text-editor.default\">\n\t\t\t\t\t\t\t\t\t<p><a class=\"FancyBox\" href=\"http:\/\/ff-hemhofen-zeckern.de\/wp-content\/uploads\/2017\/07\/Anhaenger.jpg\"><img decoding=\"async\" class=\"image-border\" src=\"http:\/\/ff-hemhofen-zeckern.de\/wp-content\/uploads\/2017\/07\/Anhaenger.jpg\" alt=\"Mehrzweckanh\u00e4nger\" height=\"400\" \/><\/a><\/p><p>Anh\u00e4nger dienen bei der Feuerwehr jeweils einem sehr speziellen Zweck.<\/p><ul><li>Mehrzweckanh\u00e4nger MZA<\/li><li>Transportfahrzeug f\u00fcr das Rettungsboot<\/li><\/ul><p>Zum Transport von Material wird bei uns normalerweise der V-<a href=\"http:\/\/www.feuerwehr-koenigsbrunn.org\/technik\/fahrzeuge\/55-1\">LKW <\/a>eingesetzt. Muss nur wenig transportiert werden oder ist der LKW bereits anderweitig im Einsatz (z.B. bei Aufr\u00e4umarbeiten nach Gro\u00dfschadenslagen) k\u00f6nnen mit dem Mehrzweckanh\u00e4nger unter anderem Verpflegung f\u00fcr die Einsatzkr\u00e4fte, aber auch gebrauchte Schl\u00e4uche und Ausr\u00fcstung transportiert werden.<br \/>Jedes unserer Kleinfahrzeuge kann den Mehrzweckanh\u00e4nger ziehen.<\/p>\t\t\t\t\t\t\t\t<\/div>\n\t\t\t\t<\/div>\n\t\t\t\t\t<\/div>\n\t\t\t\t<\/div>\n\t\t\t\t<\/div>\n\t\t","protected":false},"excerpt":{"rendered":"<p>MZA \/ Boot Anh\u00e4nger dienen bei der Feuerwehr jeweils einem sehr speziellen Zweck. Mehrzweckanh\u00e4nger MZA Transportfahrzeug f\u00fcr das Rettungsboot Zum Transport von Material wird bei uns normalerweise der V-LKW eingesetzt&#8230;<\/p>\n","protected":false},"author":1,"featured_media":0,"parent":6350,"menu_order":0,"comment_status":"closed","ping_status":"closed","template":"","meta":{"footnotes":""},"class_list":["post-6739","page","type-page","status-publish","hentry"],"_links":{"self":[{"href":"https:\/\/ff-hemhofen-zeckern.de\/index.php?rest_route=\/wp\/v2\/pages\/6739","targetHints":{"allow":["GET"]}}],"collection":[{"href":"https:\/\/ff-hemhofen-zeckern.de\/index.php?rest_route=\/wp\/v2\/pages"}],"about":[{"href":"https:\/\/ff-hemhofen-zeckern.de\/index.php?rest_route=\/wp\/v2\/types\/page"}],"author":[{"embeddable":true,"href":"https:\/\/ff-hemhofen-zeckern.de\/index.php?rest_route=\/wp\/v2\/users\/1"}],"replies":[{"embeddable":true,"href":"https:\/\/ff-hemhofen-zeckern.de\/index.php?rest_route=%2Fwp%2Fv2%2Fcomments&post=6739"}],"version-history":[{"count":9,"href":"https:\/\/ff-hemhofen-zeckern.de\/index.php?rest_route=\/wp\/v2\/pages\/6739\/revisions"}],"predecessor-version":[{"id":97653,"href":"https:\/\/ff-hemhofen-zeckern.de\/index.php?rest_route=\/wp\/v2\/pages\/6739\/revisions\/97653"}],"up":[{"embeddable":true,"href":"https:\/\/ff-hemhofen-zeckern.de\/index.php?rest_route=\/wp\/v2\/pages\/6350"}],"wp:attachment":[{"href":"https:\/\/ff-hemhofen-zeckern.de\/index.php?rest_route=%2Fwp%2Fv2%2Fmedia&parent=6739"}],"curies":[{"name":"wp","href":"https:\/\/api.w.org\/{rel}","templated":true}]}}