{"id":6618,"date":"2017-06-29T13:27:00","date_gmt":"2017-06-29T11:27:00","guid":{"rendered":"http:\/\/ff-hemhofen-zeckern.de\/?page_id=6618"},"modified":"2026-02-04T16:03:25","modified_gmt":"2026-02-04T15:03:25","slug":"das-sind-wir","status":"publish","type":"page","link":"https:\/\/ff-hemhofen-zeckern.de\/?page_id=6618","title":{"rendered":"Das sind wir"},"content":{"rendered":"\t\t<div data-elementor-type=\"wp-page\" data-elementor-id=\"6618\" class=\"elementor elementor-6618\">\n\t\t\t\t<div class=\"elementor-element elementor-element-7ad7759 e-flex e-con-boxed content-parallax-no e-con e-parent\" data-id=\"7ad7759\" data-element_type=\"container\" data-e-type=\"container\">\n\t\t\t\t\t<div class=\"e-con-inner\">\n\t\t<div class=\"elementor-element elementor-element-ebdec63 e-con-full e-flex content-parallax-no e-con e-child\" data-id=\"ebdec63\" data-element_type=\"container\" data-e-type=\"container\">\n\t\t\t\t<div class=\"elementor-element elementor-element-71609cd elementor-widget elementor-widget-heading\" data-id=\"71609cd\" data-element_type=\"widget\" data-e-type=\"widget\" data-widget_type=\"heading.default\">\n\t\t\t\t\t<h3 class=\"elementor-heading-title elementor-size-default\">Das sind WIR<\/h3>\t\t\t\t<\/div>\n\t\t\t\t<div class=\"elementor-element elementor-element-a70f0c0 elementor-widget elementor-widget-text-editor\" data-id=\"a70f0c0\" data-element_type=\"widget\" data-e-type=\"widget\" data-widget_type=\"text-editor.default\">\n\t\t\t\t\t\t\t\t\t<p><span style=\"font-family: helvetica, arial, sans-serif; color: #000000;\">In der Jugendfeuerwehr, welche f\u00fcr die Altersklassen 12 bis 18 Jahre vorgesehen ist, erfolgt die Ausbildung der Jugendlichen f\u00fcr den sp\u00e4teren Einsatz in der aktiven Wehr. Diese umfasst die sog. Modulare Truppausbildung (MTA), zahlreiche Jugendleistungspr\u00fcfungen und Wissenstests.<\/span><\/p><p style=\"text-align: justify;\"><span style=\"font-family: helvetica, arial, sans-serif; color: #000000;\">Au\u00dferhalb der Ausbildung, \u00dcbungen und Unterrichte runden viele Freizeitveranstaltungen, wie Weihnachtsfeiern, Zeltlager und Spieleabende das erfolgreiche und gelungene Bild der Kinder- und Jugendfeuerwehr Hemhofen\/Zeckern ab.<\/span><\/p>\t\t\t\t\t\t\t\t<\/div>\n\t\t\t\t\t\n<hr class=\"e-divider-base\" data-interaction-id=\"5c897d2\"   \/>\n\t\t\t\t<div class=\"elementor-element elementor-element-8dfb55a elementor-widget elementor-widget-heading\" data-id=\"8dfb55a\" data-element_type=\"widget\" data-e-type=\"widget\" data-widget_type=\"heading.default\">\n\t\t\t\t\t<h3 class=\"elementor-heading-title elementor-size-default\">Kontakt und Ansprechpartner<\/h3>\t\t\t\t<\/div>\n\t\t\t\t<div class=\"elementor-element elementor-element-aaa2726 elementor-widget elementor-widget-text-editor\" data-id=\"aaa2726\" data-element_type=\"widget\" data-e-type=\"widget\" data-widget_type=\"text-editor.default\">\n\t\t\t\t\t\t\t\t\t<p>Alexander Heilmann (Jugendwart, Ausbilder)<\/p>\t\t\t\t\t\t\t\t<\/div>\n\t\t\t\t<div class=\"elementor-element elementor-element-644f590 elementor-widget elementor-widget-button\" data-id=\"644f590\" data-element_type=\"widget\" data-e-type=\"widget\" data-widget_type=\"button.default\">\n\t\t\t\t\t\t\t\t\t\t<a class=\"elementor-button elementor-button-link elementor-size-sm\" href=\"#Kontakt%20und%20Ansprechpartner\">\n\t\t\t\t\t\t<span class=\"elementor-button-content-wrapper\">\n\t\t\t\t\t\t\t\t\t<span class=\"elementor-button-text\">Email<\/span>\n\t\t\t\t\t<\/span>\n\t\t\t\t\t<\/a>\n\t\t\t\t\t\t\t\t<\/div>\n\t\t\t\t<\/div>\n\t\t\t\t\t<\/div>\n\t\t\t\t<\/div>\n\t\t\t\t<\/div>\n\t\t","protected":false},"excerpt":{"rendered":"<p>Die Jugendfeuerwehr Das sind WIR In der Jugendfeuerwehr, welche f\u00fcr die Altersklassen 12 bis 18 Jahre vorgesehen ist, erfolgt die Ausbildung der Jugendlichen f\u00fcr den sp\u00e4teren Einsatz in der aktiven..<\/p>\n","protected":false},"author":1,"featured_media":0,"parent":6308,"menu_order":0,"comment_status":"closed","ping_status":"closed","template":"","meta":{"footnotes":""},"class_list":["post-6618","page","type-page","status-publish","hentry"],"_links":{"self":[{"href":"https:\/\/ff-hemhofen-zeckern.de\/index.php?rest_route=\/wp\/v2\/pages\/6618","targetHints":{"allow":["GET"]}}],"collection":[{"href":"https:\/\/ff-hemhofen-zeckern.de\/index.php?rest_route=\/wp\/v2\/pages"}],"about":[{"href":"https:\/\/ff-hemhofen-zeckern.de\/index.php?rest_route=\/wp\/v2\/types\/page"}],"author":[{"embeddable":true,"href":"https:\/\/ff-hemhofen-zeckern.de\/index.php?rest_route=\/wp\/v2\/users\/1"}],"replies":[{"embeddable":true,"href":"https:\/\/ff-hemhofen-zeckern.de\/index.php?rest_route=%2Fwp%2Fv2%2Fcomments&post=6618"}],"version-history":[{"count":8,"href":"https:\/\/ff-hemhofen-zeckern.de\/index.php?rest_route=\/wp\/v2\/pages\/6618\/revisions"}],"predecessor-version":[{"id":97593,"href":"https:\/\/ff-hemhofen-zeckern.de\/index.php?rest_route=\/wp\/v2\/pages\/6618\/revisions\/97593"}],"up":[{"embeddable":true,"href":"https:\/\/ff-hemhofen-zeckern.de\/index.php?rest_route=\/wp\/v2\/pages\/6308"}],"wp:attachment":[{"href":"https:\/\/ff-hemhofen-zeckern.de\/index.php?rest_route=%2Fwp%2Fv2%2Fmedia&parent=6618"}],"curies":[{"name":"wp","href":"https:\/\/api.w.org\/{rel}","templated":true}]}}