{"id":6300,"date":"2017-05-29T23:46:52","date_gmt":"2017-05-29T21:46:52","guid":{"rendered":"http:\/\/ff-hemhofen-zeckern.de\/?page_id=6300"},"modified":"2025-12-02T22:45:27","modified_gmt":"2025-12-02T21:45:27","slug":"ff-hemhofen","status":"publish","type":"page","link":"https:\/\/ff-hemhofen-zeckern.de\/?page_id=6300","title":{"rendered":"FF Hemhofen e.V."},"content":{"rendered":"\t\t<div data-elementor-type=\"wp-page\" data-elementor-id=\"6300\" class=\"elementor elementor-6300\">\n\t\t\t\t<div class=\"elementor-element elementor-element-eb9eb32 e-flex e-con-boxed content-parallax-no e-con e-parent\" data-id=\"eb9eb32\" data-element_type=\"container\" data-e-type=\"container\">\n\t\t\t\t\t<div class=\"e-con-inner\">\n\t\t\t\t<div class=\"elementor-element elementor-element-e800d0c elementor-widget elementor-widget-heading\" data-id=\"e800d0c\" data-element_type=\"widget\" data-e-type=\"widget\" data-widget_type=\"heading.default\">\n\t\t\t\t\t<h2 class=\"elementor-heading-title elementor-size-default\">Vorstandschaft<\/h2>\t\t\t\t<\/div>\n\t\t\t\t\t<\/div>\n\t\t\t\t<\/div>\n\t\t\t\t<section class=\"elementor-section elementor-top-section elementor-element elementor-element-46b0883 elementor-section-full_width elementor-section-height-default elementor-section-height-default content-parallax-no\" data-id=\"46b0883\" data-element_type=\"section\" data-e-type=\"section\">\n\t\t\t\t\t\t<div class=\"elementor-container elementor-column-gap-narrow\">\n\t\t\t\t\t<div class=\"elementor-column elementor-col-100 elementor-top-column elementor-element elementor-element-c330a38\" data-id=\"c330a38\" data-element_type=\"column\" data-e-type=\"column\">\n\t\t\t<div class=\"elementor-widget-wrap elementor-element-populated\">\n\t\t\t\t\t\t<div class=\"elementor-element elementor-element-3960f6f elementor-widget elementor-widget-image\" data-id=\"3960f6f\" data-element_type=\"widget\" data-e-type=\"widget\" data-widget_type=\"image.default\">\n\t\t\t\t\t\t\t\t\t\t\t\t\t\t\t<img decoding=\"async\" src=\"https:\/\/ff-hemhofen-zeckern.de\/wp-content\/uploads\/2024\/01\/vs_hemhofen_2024-940x570.jpg\" title=\"vs_hemhofen_2024\" alt=\"vs_hemhofen_2024\" loading=\"lazy\" \/>\t\t\t\t\t\t\t\t\t\t\t\t\t\t\t<\/div>\n\t\t\t\t\t<\/div>\n\t\t<\/div>\n\t\t\t\t\t<\/div>\n\t\t<\/section>\n\t\t<div class=\"elementor-element elementor-element-8e125c0 e-flex e-con-boxed content-parallax-no e-con e-parent\" data-id=\"8e125c0\" data-element_type=\"container\" data-e-type=\"container\">\n\t\t\t\t\t<div class=\"e-con-inner\">\n\t\t\t\t<div class=\"elementor-element elementor-element-4684fb9 elementor-widget__width-initial elementor-widget elementor-widget-text-editor\" data-id=\"4684fb9\" data-element_type=\"widget\" data-e-type=\"widget\" data-widget_type=\"text-editor.default\">\n\t\t\t\t\t\t\t\t\t<table class=\" aligncenter\" style=\"width: 787px; height: 385px;\"><tbody><tr><td style=\"width: 204.7px;\"><span style=\"color: #ffffff;\">Bild<\/span><\/td><td style=\"width: 143.81px;\"><span style=\"color: #ffffff;\">\u00a0Bild<\/span><\/td><td style=\"width: 140.08px;\"><span style=\"color: #ffffff;\">\u00a0Bild<\/span><\/td><td style=\"width: 143.81px;\"><span style=\"color: #ffffff;\">\u00a0Bild<\/span><\/td><td style=\"width: 120.6px;\"><span style=\"color: #ffffff;\">\u00a0Bild<\/span><\/td><\/tr><tr><td style=\"width: 204.7px;\"><span style=\"font-size: 12pt;\"><strong>1. Vorsitzender<\/strong><\/span><\/td><td style=\"width: 143.81px;\"><span style=\"font-size: 12pt;\"><strong>Stellvertretender Vorsitzender<\/strong><\/span><\/td><td style=\"width: 140.08px;\"><span style=\"font-size: 12pt;\"><strong>1. Kassier<\/strong><\/span><\/td><td style=\"width: 143.81px;\"><span style=\"font-size: 12pt;\"><strong>Stellvertretender Kassier<\/strong><\/span><\/td><td style=\"width: 120.6px;\"><span style=\"font-size: 12pt;\"><strong>Schriftf\u00fchrer<\/strong><\/span><\/td><td style=\"width: 120.6px;\"><span style=\"font-size: 12pt;\"><strong>Stellvertretender Schriftf\u00fchrer<\/strong><\/span><\/td><\/tr><tr><td style=\"width: 204.7px;\">Detlef<\/td><td style=\"width: 143.81px;\">Matthias<\/td><td style=\"width: 140.08px;\">Andr\u00e9<\/td><td style=\"width: 143.81px;\">Paolo<\/td><td style=\"width: 120.6px;\">Mesut<\/td><td style=\"width: 120.6px;\">Udo<\/td><\/tr><tr><td style=\"width: 204.7px;\">St\u00f6ckert<\/td><td style=\"width: 143.81px;\">Prell<\/td><td style=\"width: 140.08px;\">Hasenberger<\/td><td style=\"width: 143.81px;\">La Tona<\/td><td style=\"width: 120.6px;\">Biyiklioglu<\/td><td style=\"width: 120.6px;\">Wildner<\/td><\/tr><tr><td style=\"width: 204.7px;\">\u00a0<\/td><td style=\"width: 143.81px;\">\u00a0<\/td><td style=\"width: 140.08px;\">\u00a0<\/td><td style=\"width: 143.81px;\">\u00a0<\/td><td style=\"width: 120.6px;\">\u00a0<\/td><\/tr><tr><td style=\"width: 204.7px;\"><span style=\"color: #ffffff;\">Bild<\/span><\/td><td style=\"width: 143.81px;\"><span style=\"color: #ffffff;\">Bild<\/span><\/td><td style=\"width: 140.08px;\"><span style=\"color: #ffffff;\">Bild<\/span><\/td><td style=\"width: 143.81px;\"><span style=\"color: #ffffff;\">Bild<\/span><\/td><td style=\"width: 120.6px;\"><span style=\"color: #ffffff;\">Bild<\/span><\/td><\/tr><tr><td style=\"width: 204.7px;\"><span style=\"font-size: 12pt;\"><strong>1. Kommandant<\/strong><\/span><\/td><td style=\"width: 143.81px;\"><span style=\"font-size: 12pt;\"><strong>Stellvertretender Kommandant<\/strong><\/span><\/td><td style=\"width: 140.08px;\"><span style=\"font-size: 12pt;\"><strong>Musikzugf\u00fchrer<\/strong><\/span><\/td><td style=\"width: 143.81px;\"><span style=\"font-size: 12pt;\"><strong>Stellvertretender Musikzugf\u00fchrer<\/strong><\/span><\/td><td style=\"width: 120.6px;\"><span style=\"font-size: 12pt;\"><strong>Jugendleiter<\/strong><\/span><\/td><\/tr><tr><td style=\"width: 204.7px;\">Harald<\/td><td style=\"width: 143.81px;\">Tim<\/td><td style=\"width: 140.08px;\">Gerald<\/td><td style=\"width: 143.81px;\">J\u00f6rg<\/td><td style=\"width: 120.6px;\">Alexander<\/td><\/tr><tr><td style=\"width: 204.7px;\">Noss<\/td><td style=\"width: 143.81px;\">Christ<\/td><td style=\"width: 140.08px;\">Wertmann<\/td><td style=\"width: 143.81px;\">Sapper<\/td><td style=\"width: 120.6px;\">Heilmann<\/td><\/tr><\/tbody><\/table><table style=\"width: 804px; height: 401px;\"><tbody><tr style=\"height: 22.7px;\"><td style=\"width: 159.07px; height: 22.7px;\"><span style=\"color: #ffffff;\">Bild<\/span><\/td><td style=\"width: 158.05px; height: 22.7px;\"><span style=\"color: #ffffff;\">\u00a0Bild<\/span><\/td><td style=\"width: 150.96px; height: 22.7px;\"><span style=\"color: #ffffff;\">\u00a0Bild<\/span><\/td><td style=\"width: 144.74px; height: 22.7px;\"><span style=\"color: #ffffff;\">\u00a0Bild<\/span><\/td><td style=\"width: 157.18px; height: 22.7px;\"><span style=\"color: #ffffff;\">\u00a0Bild<\/span><\/td><\/tr><tr style=\"height: 24px;\"><td style=\"width: 159.07px; height: 24px;\"><span style=\"font-size: 12pt;\"><strong>Beisitzer<\/strong><\/span><\/td><td style=\"width: 158.05px; height: 24px;\"><span style=\"font-size: 12pt;\"><strong>Beisitzer<\/strong><\/span><\/td><td style=\"width: 150.96px; height: 24px;\"><span style=\"font-size: 12pt;\"><strong>Beisitzer<\/strong><\/span><\/td><td style=\"width: 144.74px; height: 24px;\"><span style=\"font-size: 12pt;\"><strong>Beisitzer<\/strong><\/span><\/td><td style=\"width: 157.18px; height: 24px;\"><span style=\"font-size: 12pt;\"><strong>Beisitzer<\/strong><\/span><\/td><\/tr><tr style=\"height: 24px;\"><td style=\"width: 159.07px; height: 24px;\">Gerhard<\/td><td style=\"width: 158.05px; height: 24px;\">Markus<\/td><td style=\"width: 150.96px; height: 24px;\">Lena<\/td><td style=\"width: 144.74px; height: 24px;\">Daniel<\/td><td style=\"width: 157.18px; height: 24px;\">Andreas<\/td><\/tr><tr style=\"height: 24px;\"><td style=\"width: 159.07px; height: 24px;\">Matheiowitz<\/td><td style=\"width: 158.05px; height: 24px;\">Wolf<\/td><td style=\"width: 150.96px; height: 24px;\">Sapper<\/td><td style=\"width: 144.74px; height: 24px;\">Hofbeck<\/td><td style=\"width: 157.18px; height: 24px;\">Sapper<\/td><\/tr><tr style=\"height: 24px;\"><td style=\"width: 159.07px; height: 24px;\">\u00a0<\/td><td style=\"width: 158.05px; height: 24px;\">\u00a0<\/td><td style=\"width: 150.96px; height: 24px;\">\u00a0<\/td><td style=\"width: 144.74px; height: 24px;\">\u00a0<\/td><td style=\"width: 157.18px; height: 24px;\">\u00a0<\/td><\/tr><tr style=\"height: 24px;\"><td style=\"width: 159.07px; height: 24px;\"><span style=\"color: #ffffff;\">Bild<\/span><\/td><td style=\"width: 158.05px; height: 24px;\"><span style=\"color: #ffffff;\">Bild<\/span><\/td><td style=\"width: 150.96px; height: 24px;\"><span style=\"color: #ffffff;\">Bild<\/span><\/td><td style=\"width: 144.74px; height: 24px;\"><span style=\"color: #ffffff;\">Bild<\/span><\/td><td style=\"width: 157.18px; height: 24px;\"><span style=\"color: #ffffff;\">Bild<\/span><\/td><\/tr><tr style=\"height: 24px;\"><td style=\"width: 159.07px; height: 24px;\"><span style=\"font-size: 12pt;\"><strong>Beisitzer<\/strong><\/span><\/td><td style=\"width: 158.05px; height: 24px;\"><span style=\"font-size: 12pt;\"><strong>Beisitzer<\/strong><\/span><\/td><td style=\"width: 150.96px; height: 24px;\">\u00a0<\/td><td style=\"width: 144.74px; height: 24px;\">\u00a0<\/td><td style=\"width: 157.18px; height: 24px;\">\u00a0<\/td><\/tr><tr style=\"height: 24px;\"><td style=\"width: 159.07px; height: 24px;\">Alexander<\/td><td style=\"width: 158.05px; height: 24px;\">Manfred<\/td><td style=\"width: 150.96px; height: 24px;\">\u00a0<\/td><td style=\"width: 144.74px; height: 24px;\">\u00a0<\/td><td style=\"width: 157.18px; height: 24px;\">\u00a0<\/td><\/tr><tr style=\"height: 24px;\"><td style=\"width: 159.07px; height: 24px;\">Thomas<\/td><td style=\"width: 158.05px; height: 24px;\">Korzer<\/td><td style=\"width: 150.96px; height: 24px;\">\u00a0<\/td><td style=\"width: 144.74px; height: 24px;\">\u00a0<\/td><td style=\"width: 157.18px; height: 24px;\">\u00a0<\/td><\/tr><\/tbody><\/table>\t\t\t\t\t\t\t\t<\/div>\n\t\t\t\t\t<\/div>\n\t\t\t\t<\/div>\n\t\t\t\t<section class=\"elementor-section elementor-top-section elementor-element elementor-element-8f4571b elementor-section-full_width elementor-section-height-default elementor-section-height-default content-parallax-no\" data-id=\"8f4571b\" data-element_type=\"section\" data-e-type=\"section\">\n\t\t\t\t\t\t<div class=\"elementor-container elementor-column-gap-default\">\n\t\t\t\t\t<div class=\"elementor-column elementor-col-100 elementor-top-column elementor-element elementor-element-5a67305\" data-id=\"5a67305\" data-element_type=\"column\" data-e-type=\"column\">\n\t\t\t<div class=\"elementor-widget-wrap elementor-element-populated\">\n\t\t\t\t\t\t<div class=\"elementor-element elementor-element-870e1ca elementor-widget elementor-widget-heading\" data-id=\"870e1ca\" data-element_type=\"widget\" data-e-type=\"widget\" data-widget_type=\"heading.default\">\n\t\t\t\t\t<h2 class=\"elementor-heading-title elementor-size-default\">Downloads<\/h2>\t\t\t\t<\/div>\n\t\t\t\t<div class=\"elementor-element elementor-element-58d523a elementor-widget elementor-widget-text-editor\" data-id=\"58d523a\" data-element_type=\"widget\" data-e-type=\"widget\" data-widget_type=\"text-editor.default\">\n\t\t\t\t\t\t\t\t\t<div class='w3eden'><!-- WPDM Link Template: Default Template -->\n\n<div class=\"link-template-default card mb-2\">\n    <div class=\"card-body\">\n        <div class=\"media\">\n            <div class=\"mr-3 img-48\"><img decoding=\"async\" class=\"wpdm_icon\" alt=\"Icon\" src=\"https:\/\/ff-hemhofen-zeckern.de\/wp-content\/plugins\/download-manager\/assets\/file-type-icons\/pdf.svg\" \/><\/div>\n            <div class=\"media-body\">\n                <h3 class=\"package-title\"><a href='https:\/\/ff-hemhofen-zeckern.de\/?wpdmpro=mitgliedsantrag-ff-hemhofen-e-v'>Mitgliedsantrag FF Hemhofen e.V.<\/a><\/h3>\n                <div class=\"text-muted text-small\"><i class=\"fas fa-copy\"><\/i> 1 Datei(en) <i class=\"fas fa-hdd ml-3\"><\/i> 100.63 KB<\/div>\n            <\/div>\n            <div class=\"ml-3\">\n                <a class='wpdm-download-link download-on-click btn btn-primary ' rel='nofollow' href='#' data-downloadurl=\"https:\/\/ff-hemhofen-zeckern.de\/?wpdmpro=mitgliedsantrag-ff-hemhofen-e-v&#038;wpdmdl=9742&#038;refresh=69f4c85b459a61777649755\">Download<\/a>\n            <\/div>\n        <\/div>\n    <\/div>\n<\/div>\n\n<\/div>\t\t\t\t\t\t\t\t<\/div>\n\t\t\t\t\t<\/div>\n\t\t<\/div>\n\t\t\t\t\t<\/div>\n\t\t<\/section>\n\t\t\t\t<\/div>\n\t\t","protected":false},"excerpt":{"rendered":"<p>Vorstandschaft Bild \u00a0Bild \u00a0Bild \u00a0Bild \u00a0Bild 1. Vorsitzender Stellvertretender Vorsitzender 1. Kassier Stellvertretender Kassier Schriftf\u00fchrer Stellvertretender Schriftf\u00fchrer Detlef Matthias Andr\u00e9 Paolo Mesut Udo St\u00f6ckert Prell Hasenberger La Tona Biyiklioglu Wildner..<\/p>\n","protected":false},"author":1,"featured_media":0,"parent":6603,"menu_order":0,"comment_status":"closed","ping_status":"closed","template":"","meta":{"footnotes":""},"class_list":["post-6300","page","type-page","status-publish","hentry"],"_links":{"self":[{"href":"https:\/\/ff-hemhofen-zeckern.de\/index.php?rest_route=\/wp\/v2\/pages\/6300","targetHints":{"allow":["GET"]}}],"collection":[{"href":"https:\/\/ff-hemhofen-zeckern.de\/index.php?rest_route=\/wp\/v2\/pages"}],"about":[{"href":"https:\/\/ff-hemhofen-zeckern.de\/index.php?rest_route=\/wp\/v2\/types\/page"}],"author":[{"embeddable":true,"href":"https:\/\/ff-hemhofen-zeckern.de\/index.php?rest_route=\/wp\/v2\/users\/1"}],"replies":[{"embeddable":true,"href":"https:\/\/ff-hemhofen-zeckern.de\/index.php?rest_route=%2Fwp%2Fv2%2Fcomments&post=6300"}],"version-history":[{"count":25,"href":"https:\/\/ff-hemhofen-zeckern.de\/index.php?rest_route=\/wp\/v2\/pages\/6300\/revisions"}],"predecessor-version":[{"id":97497,"href":"https:\/\/ff-hemhofen-zeckern.de\/index.php?rest_route=\/wp\/v2\/pages\/6300\/revisions\/97497"}],"up":[{"embeddable":true,"href":"https:\/\/ff-hemhofen-zeckern.de\/index.php?rest_route=\/wp\/v2\/pages\/6603"}],"wp:attachment":[{"href":"https:\/\/ff-hemhofen-zeckern.de\/index.php?rest_route=%2Fwp%2Fv2%2Fmedia&parent=6300"}],"curies":[{"name":"wp","href":"https:\/\/api.w.org\/{rel}","templated":true}]}}